{"id":7587,"date":"2024-01-12T15:29:29","date_gmt":"2024-01-12T14:29:29","guid":{"rendered":"https:\/\/merosagrup.com\/hosteleria\/"},"modified":"2025-12-04T12:11:54","modified_gmt":"2025-12-04T11:11:54","slug":"hosteleria","status":"publish","type":"page","link":"https:\/\/merosagrup.com\/es\/hosteleria\/","title":{"rendered":"Hosteleria"},"content":{"rendered":"<section class=\"wpb-content-wrapper\"><p>[vc_row full_width=\u00bbstretch_row_content\u00bb css=\u00bb.vc_custom_1705078197646{padding-top: 65px !important;padding-bottom: 65px !important;}\u00bb][vc_column]<div class=\"section-title-wrapper text-center shortcode-rand-1 zoacres-inline-css\" data-css=\"&quot;.shortcode-rand-1 .title-separator.separator-border { background-color: ; }.shortcode-rand-1 .section-title { color: #000000; text-transform: none; }&quot;\"><div class=\"title-wrap\"><span class=\"sub-title\">OTRAS SOCIEDADES<\/span><h2 class=\"section-title\">Hosteler\u00eda y <span class=\"title-suffix theme-color\">Restauraci\u00f3n<\/span><\/h2><span class=\"title-separator separator-border theme-color-bg\"><\/span><\/div><!-- .title-wrap --><div class=\"section-description\"><\/div><!-- .section-description --><\/div><!-- .section-title-wrapper -->[\/vc_column][\/vc_row][vc_row full_width=\u00bbstretch_row_content\u00bb gap=\u00bb35&#8243; equal_height=\u00bbyes\u00bb content_placement=\u00bbmiddle\u00bb disable_element=\u00bbyes\u00bb css=\u00bb.vc_custom_1705072992572{padding-top: 0px !important;padding-bottom: 0px !important;background-color: #f4f6fd !important;}\u00bb][vc_column parallax=\u00bbcontent-moving\u00bb parallax_image=\u00bb5306&#8243; width=\u00bb1\/2&#8243;][\/vc_column][vc_column width=\u00bb1\/2&#8243; css=\u00bb.vc_custom_1705070851030{padding: 150px !important;}\u00bb][vc_single_image image=\u00bb5311&#8243; img_size=\u00bbmedium\u00bb][vc_column_text]Descansa a l&#8217;<strong>Hotel Ciutat de Granollers<\/strong>, l&#8217;<strong>hotel de refer\u00e8ncia de Granollers<\/strong>, amb serveis com el seu magn\u00edfic restaurant, gimn\u00e0s i amples sales per a convencions i una localitzaci\u00f3 pr\u00f2xima a La Roca Villagey Circuit de Barcelona-Catalunya.[\/vc_column_text]<div class=\"btn-wrap\"><a href=\"https:\/\/www.hotelciutatgranollers.com\/ca\/\" target=\"_blank\" class=\"btn  zoacres-btn btn-default btn-sm btn-rounded rounded theme-color-bg shortcode-rand-2 zoacres-inline-css\" data-css=\"&quot;.btn.shortcode-rand-2 { color: #ffffff; }.btn.shortcode-rand-2:hover { color: #ffffff; }&quot;\">Lloc Web<span class=\"btn-icon btn-icon-right fas fa-external-link-alt\"><\/span><\/a><\/div>[\/vc_column][\/vc_row][vc_row full_width=\u00bbstretch_row_content_no_spaces\u00bb content_placement=\u00bbmiddle\u00bb css=\u00bb.vc_custom_1705073673026{padding-top: 0px !important;padding-right: 0px !important;padding-bottom: 0px !important;padding-left: 0px !important;background-color: #f4f6fd !important;}\u00bb][vc_column width=\u00bb1\/2&#8243;]<div class=\"content-carousel-wrapper text-center\" data-css=\"&quot;&quot;\"><div class=\"owl-carousel\" data-loop=\"1\" data-margin=\"0\" data-center=\"1\" data-nav=\"1\" data-dots=\"0\" data-autoplay=\"1\" data-items=\"1\" data-items-tab=\"1\" data-items-mob=\"1\" data-duration=\"5000\" data-smartspeed=\"250\" data-scrollby=\"1\" data-autoheight=\"false\">[vc_single_image image=\u00bb5308&#8243; img_size=\u00bbfull\u00bb alignment=\u00bbcenter\u00bb][vc_single_image image=\u00bb5309&#8243; img_size=\u00bbfull\u00bb alignment=\u00bbcenter\u00bb][vc_single_image image=\u00bb5307&#8243; img_size=\u00bbfull\u00bb alignment=\u00bbcenter\u00bb]<\/div><!-- .owl-carousel --><\/div><!-- .content-carousel-wrapper -->[\/vc_column][vc_column width=\u00bb1\/2&#8243; css=\u00bb.vc_custom_1705073522780{padding-right: 150px !important;padding-left: 150px !important;}\u00bb][vc_single_image image=\u00bb5311&#8243; img_size=\u00bbmedium\u00bb][vc_column_text]Descansa en el <strong>Hotel Ciutat de Granollers, el hotel de referencia de Granollers<\/strong>, con servicios como su magn\u00edfico restaurante, gimnasio y amplias salas para convenciones y una localizaci\u00f3n cercana a La Roca Villagey Circuit de Barcelona-Catalunya.[\/vc_column_text]<div class=\"btn-wrap\"><a href=\"https:\/\/www.hotelciutatgranollers.com\/ca\/\" target=\"_blank\" class=\"btn  zoacres-btn btn-default btn-sm btn-rounded rounded theme-color-bg shortcode-rand-4 zoacres-inline-css\" data-css=\"&quot;.btn.shortcode-rand-4 { color: #ffffff; }.btn.shortcode-rand-4:hover { color: #ffffff; }&quot;\">Sitio Web<span class=\"btn-icon btn-icon-right fas fa-external-link-alt\"><\/span><\/a><\/div>[\/vc_column][\/vc_row][vc_row full_width=\u00bbstretch_row_content_no_spaces\u00bb content_placement=\u00bbmiddle\u00bb css=\u00bb.vc_custom_1705074329623{padding-top: 0px !important;padding-right: 0px !important;padding-bottom: 0px !important;padding-left: 0px !important;background-color: #f4f6fd !important;}\u00bb][vc_column width=\u00bb1\/2&#8243; css=\u00bb.vc_custom_1705074080753{padding-right: 150px !important;padding-left: 150px !important;}\u00bb][vc_single_image image=\u00bb5315&#8243; img_size=\u00bbmedium\u00bb][vc_column_text]<strong>Crack Sports Club<\/strong> es un club de perfil familiar donde nos gusta cuidar los detalles, estar por nuestros socios, cuidarlos y estar atentos. Queremos ofrecer un <strong>ambiente acogedor, relajado y tranquilo<\/strong>. Sabemos que cada uno pide cosas diferentes a un club deportivo y Crack quiere ser cada una de estas cosas.[\/vc_column_text]<div class=\"btn-wrap\"><a href=\"https:\/\/cracksportsclub.com\/\" target=\"_blank\" class=\"btn  zoacres-btn btn-default btn-sm btn-rounded rounded theme-color-bg shortcode-rand-5 zoacres-inline-css\" data-css=\"&quot;.btn.shortcode-rand-5 { color: #ffffff; }.btn.shortcode-rand-5:hover { color: #ffffff; }&quot;\">Sitio Web<span class=\"btn-icon btn-icon-right fas fa-external-link-alt\"><\/span><\/a><\/div>[\/vc_column][vc_column width=\u00bb1\/2&#8243;]<div class=\"content-carousel-wrapper text-center\" data-css=\"&quot;&quot;\"><div class=\"owl-carousel\" data-loop=\"1\" data-margin=\"0\" data-center=\"1\" data-nav=\"1\" data-dots=\"0\" data-autoplay=\"1\" data-items=\"1\" data-items-tab=\"1\" data-items-mob=\"1\" data-duration=\"5000\" data-smartspeed=\"250\" data-scrollby=\"1\" data-autoheight=\"false\">[vc_single_image image=\u00bb5320&#8243; img_size=\u00bbfull\u00bb alignment=\u00bbcenter\u00bb]<\/div><!-- .owl-carousel --><\/div><!-- .content-carousel-wrapper -->[\/vc_column][\/vc_row][vc_row full_width=\u00bbstretch_row_content_no_spaces\u00bb content_placement=\u00bbmiddle\u00bb css=\u00bb.vc_custom_1705073673026{padding-top: 0px !important;padding-right: 0px !important;padding-bottom: 0px !important;padding-left: 0px !important;background-color: #f4f6fd !important;}\u00bb][vc_column width=\u00bb1\/2&#8243;]<div class=\"content-carousel-wrapper text-center\" data-css=\"&quot;&quot;\"><div class=\"owl-carousel\" data-loop=\"1\" data-margin=\"0\" data-center=\"1\" data-nav=\"1\" data-dots=\"0\" data-autoplay=\"1\" data-items=\"1\" data-items-tab=\"1\" data-items-mob=\"1\" data-duration=\"5000\" data-smartspeed=\"250\" data-scrollby=\"1\" data-autoheight=\"false\">[vc_single_image image=\u00bb7845&#8243; img_size=\u00bbfull\u00bb alignment=\u00bbcenter\u00bb][vc_single_image image=\u00bb7848&#8243; img_size=\u00bbfull\u00bb alignment=\u00bbcenter\u00bb][vc_single_image image=\u00bb7851&#8243; img_size=\u00bbfull\u00bb alignment=\u00bbcenter\u00bb]<\/div><!-- .owl-carousel --><\/div><!-- .content-carousel-wrapper -->[\/vc_column][vc_column width=\u00bb1\/2&#8243; css=\u00bb.vc_custom_1705073522780{padding-right: 150px !important;padding-left: 150px !important;}\u00bb][vc_single_image image=\u00bb7841&#8243; img_size=\u00bbmedium\u00bb][vc_column_text]El <span style=\"color: #222222;\"><b>C\u00e8ntric <\/b><\/span>es un <strong>restaurante especializado<\/strong> en <strong>cocina catalana<\/strong>, <strong>mediterr\u00e1nea<\/strong> y de <strong>proximidad<\/strong>, reconocido por su <strong>excelencia gastron\u00f3mica<\/strong>. Su<strong> terraza exterior<\/strong> es el lugar ideal para disfrutar de nuestra carta y poder relajarte un rato.[\/vc_column_text]<div class=\"btn-wrap\"><a href=\"https:\/\/www.centric.restaurant\/\" target=\"_blank\" class=\"btn  zoacres-btn btn-default btn-sm btn-rounded rounded theme-color-bg shortcode-rand-8 zoacres-inline-css\" data-css=\"&quot;.btn.shortcode-rand-8 { color: #ffffff; }.btn.shortcode-rand-8:hover { color: #ffffff; }&quot;\">Sitio Web<span class=\"btn-icon btn-icon-right fas fa-external-link-alt\"><\/span><\/a><\/div>[\/vc_column][\/vc_row]<\/p>\n<\/section>","protected":false},"excerpt":{"rendered":"<p>[vc_row full_width=\u00bbstretch_row_content\u00bb css=\u00bb.vc_custom_1705078197646{padding-top: 65px !important;padding-bottom: 65px !important;}\u00bb][vc_column][\/vc_column][\/vc_row][vc_row full_width=\u00bbstretch_row_content\u00bb gap=\u00bb35&#8243; equal_height=\u00bbyes\u00bb content_placement=\u00bbmiddle\u00bb disable_element=\u00bbyes\u00bb css=\u00bb.vc_custom_1705072992572{padding-top: 0px !important;padding-bottom: 0px !important;background-color: #f4f6fd !important;}\u00bb][vc_column parallax=\u00bbcontent-moving\u00bb parallax_image=\u00bb5306&#8243; width=\u00bb1\/2&#8243;][\/vc_column][vc_column width=\u00bb1\/2&#8243; css=\u00bb.vc_custom_1705070851030{padding: 150px !important;}\u00bb][vc_single_image image=\u00bb5311&#8243; img_size=\u00bbmedium\u00bb][vc_column_text]Descansa a l&#8217;Hotel Ciutat de Granollers, l&#8217;hotel de refer\u00e8ncia de Granollers, amb serveis com el seu magn\u00edfic restaurant, gimn\u00e0s i amples sales per a convencions i una localitzaci\u00f3<\/p>\n","protected":false},"author":1,"featured_media":0,"parent":0,"menu_order":0,"comment_status":"closed","ping_status":"closed","template":"","meta":{"footnotes":""},"class_list":["post-7587","page","type-page","status-publish","hentry"],"_links":{"self":[{"href":"https:\/\/merosagrup.com\/es\/wp-json\/wp\/v2\/pages\/7587","targetHints":{"allow":["GET"]}}],"collection":[{"href":"https:\/\/merosagrup.com\/es\/wp-json\/wp\/v2\/pages"}],"about":[{"href":"https:\/\/merosagrup.com\/es\/wp-json\/wp\/v2\/types\/page"}],"author":[{"embeddable":true,"href":"https:\/\/merosagrup.com\/es\/wp-json\/wp\/v2\/users\/1"}],"replies":[{"embeddable":true,"href":"https:\/\/merosagrup.com\/es\/wp-json\/wp\/v2\/comments?post=7587"}],"version-history":[{"count":4,"href":"https:\/\/merosagrup.com\/es\/wp-json\/wp\/v2\/pages\/7587\/revisions"}],"predecessor-version":[{"id":7856,"href":"https:\/\/merosagrup.com\/es\/wp-json\/wp\/v2\/pages\/7587\/revisions\/7856"}],"wp:attachment":[{"href":"https:\/\/merosagrup.com\/es\/wp-json\/wp\/v2\/media?parent=7587"}],"curies":[{"name":"wp","href":"https:\/\/api.w.org\/{rel}","templated":true}]}}