{"id":7586,"date":"2024-02-08T16:25:40","date_gmt":"2024-02-08T15:25:40","guid":{"rendered":"https:\/\/merosagrup.com\/parquing\/"},"modified":"2024-02-08T16:25:40","modified_gmt":"2024-02-08T15:25:40","slug":"parquing","status":"publish","type":"page","link":"https:\/\/merosagrup.com\/es\/parquing\/","title":{"rendered":"P\u00e0rquing"},"content":{"rendered":"<section class=\"wpb-content-wrapper\"><p>[vc_row full_width=\u00bbstretch_row\u00bb content_placement=\u00bbmiddle\u00bb css=\u00bb.vc_custom_1705315926411{padding-bottom: 90px !important;}\u00bb][vc_column offset=\u00bbvc_col-lg-6 vc_col-md-6&#8243;][vc_images_carousel images=\u00bb5531,7495,7498,7507,7510,7516,7525,7528,7543&#8243; img_size=\u00bb547&#215;547&#8243; autoplay=\u00bbyes\u00bb wrap=\u00bbyes\u00bb][\/vc_column][vc_column el_class=\u00bbpl-lg-5&#8243; offset=\u00bbvc_col-lg-6 vc_col-md-6&#8243;]<div class=\"section-title-wrapper text-left shortcode-rand-1 zoacres-inline-css\" data-css=\"&quot;.shortcode-rand-1 .title-separator.separator-border { background-color: #d53c00; }.shortcode-rand-1 .section-title { color: #0a0a0a; text-transform: none; }&quot;\"><div class=\"title-wrap\"><span class=\"sub-title\">LLOGUER<\/span><h2 class=\"section-title\">P\u00e0rquing <span class=\"title-suffix theme-color\">Granollers<\/span><\/h2><span class=\"title-separator separator-border theme-color-bg\"><\/span><\/div><!-- .title-wrap --><div class=\"section-description\">Sota l\u2019edifici Tilma hi ha un p\u00e0rquing de gaireb\u00e9 825 metres quadrats ideal per guardar la flota de cotxes d\u2019empresa o llogar places independents.<\/p>\n<p>\u00c9s un espai ampli amb capacitat per 34 cotxes que permetr\u00e0 a l\u2019empresa disposar dels vehicles en qualsevol moment i de forma f\u00e0cil.<\/p>\n<p><a href=\"https:\/\/www.cochesdeescena.com\/\" target=\"_blank\" rel=\"noopener\">Llogat<\/a><\/div><!-- .section-description --><\/div><!-- .section-title-wrapper -->[vc_row_inner][vc_column_inner width=\u00bb1\/3&#8243;]<div class=\"feature-box-wrapper btn-info-c feature-box-style-1 text-center vc_custom_1713192115420 shortcode-rand-2 zoacres-inline-css\" data-css=\"&quot;.shortcode-rand-2.feature-box-wrapper .section-title { color: #545454; }.shortcode-rand-2.feature-box-wrapper .section-title { text-transform: capitalize; }.shortcode-rand-2.feature-box-wrapper { color: #000000; }.shortcode-rand-2.feature-box-wrapper {background: -moz-linear-gradient(141deg,  0%,  51%,  75%);\\r\\n\\t\\t\\t\\tbackground: -webkit-linear-gradient(141deg,  0%,  51%,  75%);\\r\\n\\t\\t\\t\\tbackground: linear-gradient(141deg,  0%,  51%,  75%);}.shortcode-rand-2 .feature-box-icon { font-size: 35px; }.shortcode-rand-2:hover .feature-box-icon { background: none; }&quot;\"  data-redirect=\"#mapa\" data-target=\"_self\"><div class=\"feature-box-icon text-center squared theme-color none\"><span class=\"fas fa-map-marker-alt\"><\/span><\/div><!-- .feature-box-icon --><div class=\"feature-box-title\"><h6 class=\"section-title\">Mapa<\/h6><\/div><!-- .feature-box-title --><\/div><!-- .feature-box-wrapper -->[\/vc_column_inner][vc_column_inner width=\u00bb1\/3&#8243;]<div class=\"feature-box-wrapper btn-info-c feature-box-style-1 text-center vc_custom_1713192130849 shortcode-rand-3 zoacres-inline-css\" data-css=\"&quot;.shortcode-rand-3.feature-box-wrapper .section-title { color: #545454; }.shortcode-rand-3.feature-box-wrapper .section-title { text-transform: capitalize; }.shortcode-rand-3.feature-box-wrapper { color: #000000; }.shortcode-rand-3.feature-box-wrapper {background: -moz-linear-gradient(141deg,  0%,  51%,  75%);\\r\\n\\t\\t\\t\\tbackground: -webkit-linear-gradient(141deg,  0%,  51%,  75%);\\r\\n\\t\\t\\t\\tbackground: linear-gradient(141deg,  0%,  51%,  75%);}.shortcode-rand-3 .feature-box-icon { font-size: 35px; }.shortcode-rand-3:hover .feature-box-icon { background: none; }&quot;\"  data-redirect=\"#contacte\" data-target=\"_self\"><div class=\"feature-box-icon text-center squared theme-color none\"><span class=\"fas fa-mobile-alt\"><\/span><\/div><!-- .feature-box-icon --><div class=\"feature-box-title\"><h6 class=\"section-title\">Contactar<\/h6><\/div><!-- .feature-box-title --><\/div><!-- .feature-box-wrapper -->[\/vc_column_inner][vc_column_inner width=\u00bb1\/3&#8243;][\/vc_column_inner][\/vc_row_inner][\/vc_column][\/vc_row][vc_row disable_element=\u00bbyes\u00bb][vc_column el_class=\u00bbpr-md-5&#8243; offset=\u00bbvc_col-lg-7 vc_col-md-12&#8243;]<div class=\"section-title-wrapper text-left shortcode-rand-4 zoacres-inline-css\" data-css=\"&quot;.shortcode-rand-4 .title-separator.separator-border { background-color: ; }.shortcode-rand-4 .section-title { color: #000000; text-transform: none; }&quot;\"><div class=\"title-wrap\"><span class=\"sub-title\">QUI SOM<\/span><h2 class=\"section-title\">Merosa Grup <span class=\"title-suffix theme-color\">S.L.<\/span><\/h2><span class=\"title-separator separator-border theme-color-bg\"><\/span><\/div><!-- .title-wrap --><div class=\"section-description\">La seva activitat principal es centra en l\u2019arrendament de locals comercials, naus industrials, oficines i la promoci\u00f3, venda o lloguer de vivendes.<\/p>\n<p>El 2005 l\u2019empresa comen\u00e7a la seva expansi\u00f3 del negoci immobiliari fora de la zona de Barcelona, amb promocions a la Costa Brava (prov\u00edncia de Girona), adquisicions de terrenys urbanitzables a la prov\u00edncia d\u2019Alacant i la compra de locals comercials en les rodalies de Madrid.<\/p>\n<p>Avui dia Merosa Grup SL gestiona: a Granollers (prov\u00edncia de Barcelona) un edifici comercial i d\u2019oficines (Edifici Tilma), i varies vivendes de lloguer; una nau industrial a Les Franqueses del Vall\u00e8s (prov\u00edncia de Barcelona); amarradors i panyols en el Port Ol\u00edmpic de Barcelona (Barcelona ciutat); locals comercials i vivendes en lloguer i opci\u00f3 de compra a la ciutat d\u2019Alacant i rodalies (Comunitat Valenciana); i a la localitat de Navalcarnero (Prov\u00edncia de Madrid) un edifici comercial amb aparcament.<\/div><!-- .section-description --><\/div><!-- .section-title-wrapper -->[vc_empty_space height=\u00bb50px\u00bb][\/vc_column][vc_column offset=\u00bbvc_col-lg-5 vc_col-md-12&#8243;][vc_single_image image=\u00bb5215&#8243; img_size=\u00bbfull\u00bb css_animation=\u00bbnone\u00bb el_class=\u00bbbg-img1&#8243;][\/vc_column][\/vc_row][vc_row full_width=\u00bbstretch_row\u00bb css=\u00bb.vc_custom_1713192102140{padding-bottom: 150px !important;background-color: #f4f6fd !important;}\u00bb el_class=\u00bbsc-custom\u00bb el_id=\u00bbmapa\u00bb][vc_column]<div class=\"section-title-wrapper text-center shortcode-rand-5 zoacres-inline-css\" data-css=\"&quot;.shortcode-rand-5 .title-separator.separator-border { background-color: #d53c00; }.shortcode-rand-5.section-title-wrapper .sub-title { color: #d53c00; }.shortcode-rand-5 .section-title { color: #0a0a0a; text-transform: none; }&quot;\"><div class=\"title-wrap\"><h3 class=\"section-title\">Mapa de <span class=\"title-suffix theme-color\">Localitzaci\u00f3<\/span><\/h3><span class=\"title-separator separator-border theme-color-bg\"><\/span><\/div><!-- .title-wrap --><div class=\"section-description\"><\/div><!-- .section-description --><\/div><!-- .section-title-wrapper -->[\/vc_column][\/vc_row][vc_row css=\u00bb.vc_custom_1707405917795{margin-top: -300px !important;padding-bottom: 50px !important;}\u00bb el_class=\u00bbsc-custom-margin-150&#8243;][vc_column][vc_row_inner][vc_column_inner el_class=\u00bbcustom-map-location\u00bb][vc_raw_html]JTNDaWZyYW1lJTIwc3JjJTNEJTIyaHR0cHMlM0ElMkYlMkZ3d3cuZ29vZ2xlLmNvbSUyRm1hcHMlMkZlbWJlZCUzRnBiJTNEJTIxMW0xOCUyMTFtMTIlMjExbTMlMjExZDI5ODQuMzk0MTg2OTA2NjA2JTIxMmQyLjI2OTY1ODc3NjA2OTQ5MzMlMjEzZDQxLjU4MjM1NDM3MTI3NTc4JTIxMm0zJTIxMWYwJTIxMmYwJTIxM2YwJTIxM20yJTIxMWkxMDI0JTIxMmk3NjglMjE0ZjEzLjElMjEzbTMlMjExbTIlMjExczB4MTJhNGM3ODYzY2RiM2UwNSUyNTNBMHg0MGNlNTAzMDlhYTRmZmU0JTIxMnNBdi4lMjUyMGRlJTI1MjBTYW50JTI1MjBKdWxpJTI1QzMlMjVBMCUyNTJDJTI1MjAzJTI1MkMlMjUyMDA4NDAzJTI1MjBHcmFub2xsZXJzJTI1MkMlMjUyMEJhcmNlbG9uYSUyMTVlMCUyMTNtMiUyMTFzZXMlMjEyc2VzJTIxNHYxNzA0ODc4MjcxMzg3JTIxNW0yJTIxMXNlcyUyMTJzZXMlMjIlMjBoZWlnaHQlM0QlMjI0MDAlMjIlMjBzdHlsZSUzRCUyMmJvcmRlciUzQTAlM0J3aWR0aCUzQTEwMCUyNSUyMiUyMGFsbG93ZnVsbHNjcmVlbiUzRCUyMiUyMiUyMGxvYWRpbmclM0QlMjJsYXp5JTIyJTIwcmVmZXJyZXJwb2xpY3klM0QlMjJuby1yZWZlcnJlci13aGVuLWRvd25ncmFkZSUyMiUzRSUzQyUyRmlmcmFtZSUzRQ==[\/vc_raw_html][\/vc_column_inner][\/vc_row_inner][vc_empty_space height=\u00bb60px\u00bb][\/vc_column][\/vc_row][vc_row full_width=\u00bbstretch_row\u00bb css=\u00bb.vc_custom_1713192141924{padding-bottom: 60px !important;background-image: url(https:\/\/demo.zozothemes.com\/zoacres\/wp-content\/uploads\/2018\/05\/feature-bg-1.jpg?id=748) !important;background-position: center !important;background-repeat: no-repeat !important;background-size: cover !important;}\u00bb el_id=\u00bbcontacte\u00bb][vc_column]<div class=\"section-title-wrapper text-center shortcode-rand-6 zoacres-inline-css\" data-css=\"&quot;.shortcode-rand-6 .title-separator.separator-border { background-color: ; }.shortcode-rand-6 .section-title { color: #000000; text-transform: none; }&quot;\"><div class=\"title-wrap\"><span class=\"sub-title\">DUBTES?<\/span><h3 class=\"section-title\">Formulari de <span class=\"title-suffix theme-color\">Contacte<\/span><\/h3><span class=\"title-separator separator-border theme-color-bg\"><\/span><\/div><!-- .title-wrap --><div class=\"section-description\">Posa&#8217;t en contacte amb nosalters i et respondrem el m\u00e9s aviat possible<\/div><!-- .section-description --><\/div><!-- .section-title-wrapper -->[vc_row_inner][vc_column_inner width=\u00bb1\/4&#8243;][\/vc_column_inner][vc_column_inner el_class=\u00bbform-custom-c\u00bb width=\u00bb1\/2&#8243;]\n<div class=\"wpcf7 no-js\" id=\"wpcf7-f5438-o1\" lang=\"en-US\" dir=\"ltr\">\n<div class=\"screen-reader-response\"><p role=\"status\" aria-live=\"polite\" aria-atomic=\"true\"><\/p> <ul><\/ul><\/div>\n<form action=\"\/es\/wp-json\/wp\/v2\/pages\/7586#wpcf7-f5438-o1\" method=\"post\" class=\"wpcf7-form init\" aria-label=\"Contact form\" novalidate=\"novalidate\" data-status=\"init\">\n<div style=\"display: none;\">\n<input type=\"hidden\" name=\"_wpcf7\" value=\"5438\" \/>\n<input type=\"hidden\" name=\"_wpcf7_version\" value=\"5.8.5\" \/>\n<input type=\"hidden\" name=\"_wpcf7_locale\" value=\"en_US\" \/>\n<input type=\"hidden\" name=\"_wpcf7_unit_tag\" value=\"wpcf7-f5438-o1\" \/>\n<input type=\"hidden\" name=\"_wpcf7_container_post\" value=\"0\" \/>\n<input type=\"hidden\" name=\"_wpcf7_posted_data_hash\" value=\"\" \/>\n<input type=\"hidden\" name=\"_wpcf7_recaptcha_response\" value=\"\" \/>\n<\/div>\n<div class=\"row\">\n\t<div class=\"col-md-6\">\n\t\t<p><span class=\"wpcf7-form-control-wrap\" data-name=\"Nom\"><input size=\"40\" class=\"wpcf7-form-control wpcf7-text wpcf7-validates-as-required\" aria-required=\"true\" aria-invalid=\"false\" placeholder=\"Nom\" value=\"\" type=\"text\" name=\"Nom\" \/><\/span>\n\t\t<\/p>\n\t<\/div>\n\t<div class=\"col-md-6\">\n\t\t<p><span class=\"wpcf7-form-control-wrap\" data-name=\"Cognoms\"><input size=\"40\" class=\"wpcf7-form-control wpcf7-text\" aria-invalid=\"false\" placeholder=\"Cognoms\" value=\"\" type=\"text\" name=\"Cognoms\" \/><\/span>\n\t\t<\/p>\n\t<\/div>\n<\/div>\n<div class=\"row\">\n\t<div class=\"col-md-6\">\n\t\t<p><span class=\"wpcf7-form-control-wrap\" data-name=\"your-email\"><input size=\"40\" class=\"wpcf7-form-control wpcf7-text wpcf7-validates-as-required\" aria-required=\"true\" aria-invalid=\"false\" placeholder=\"Email\" value=\"\" type=\"text\" name=\"your-email\" \/><\/span>\n\t\t<\/p>\n\t<\/div>\n\t<div class=\"col-md-6\">\n\t\t<p><span class=\"wpcf7-form-control-wrap\" data-name=\"Phone\"><input size=\"40\" class=\"wpcf7-form-control wpcf7-text wpcf7-validates-as-required\" aria-required=\"true\" aria-invalid=\"false\" placeholder=\"Tel\u00e8fon\" value=\"\" type=\"text\" name=\"Phone\" \/><\/span>\n\t\t<\/p>\n\t<\/div>\n<\/div>\n<div class=\"row\">\n\t<div class=\"col-md-12\">\n\t\t<p><span class=\"wpcf7-form-control-wrap\" data-name=\"opcions\"><select class=\"wpcf7-form-control wpcf7-select wpcf7-validates-as-required\" aria-required=\"true\" aria-invalid=\"false\" name=\"opcions\"><option value=\"\">Assumpte<\/option><option value=\"Oficines\">Oficines<\/option><option value=\"Locals\">Locals<\/option><option value=\"P\u00e0rquings\">P\u00e0rquings<\/option><option value=\"Altres\">Altres<\/option><\/select><\/span>\n\t\t<\/p>\n\t<\/div>\n<\/div>\n<div class=\"row\">\n\t<div class=\"col-md-12\">\n\t\t<p><span class=\"wpcf7-form-control-wrap\" data-name=\"your-message\"><textarea cols=\"40\" rows=\"10\" class=\"wpcf7-form-control wpcf7-textarea\" aria-invalid=\"false\" placeholder=\"Missatge\" name=\"your-message\"><\/textarea><\/span>\n\t\t<\/p>\n\t<\/div>\n<\/div>\n<p><input class=\"wpcf7-form-control wpcf7-submit has-spinner\" type=\"submit\" value=\"Enviar\" \/>\n<\/p><div class=\"wpcf7-response-output\" aria-hidden=\"true\"><\/div>\n<\/form>\n<\/div>\n[\/vc_column_inner][vc_column_inner width=\u00bb1\/4&#8243;][\/vc_column_inner][\/vc_row_inner][\/vc_column][\/vc_row]<\/p>\n<\/section>","protected":false},"excerpt":{"rendered":"<p>[vc_row full_width=\u00bbstretch_row\u00bb content_placement=\u00bbmiddle\u00bb css=\u00bb.vc_custom_1705315926411{padding-bottom: 90px !important;}\u00bb][vc_column offset=\u00bbvc_col-lg-6 vc_col-md-6&#8243;][vc_images_carousel images=\u00bb5531,7495,7498,7507,7510,7516,7525,7528,7543&#8243; img_size=\u00bb547&#215;547&#8243; autoplay=\u00bbyes\u00bb wrap=\u00bbyes\u00bb][\/vc_column][vc_column el_class=\u00bbpl-lg-5&#8243; offset=\u00bbvc_col-lg-6 vc_col-md-6&#8243;][vc_row_inner][vc_column_inner width=\u00bb1\/3&#8243;][\/vc_column_inner][vc_column_inner width=\u00bb1\/3&#8243;][\/vc_column_inner][vc_column_inner width=\u00bb1\/3&#8243;][\/vc_column_inner][\/vc_row_inner][\/vc_column][\/vc_row][vc_row disable_element=\u00bbyes\u00bb][vc_column el_class=\u00bbpr-md-5&#8243; offset=\u00bbvc_col-lg-7 vc_col-md-12&#8243;][vc_empty_space height=\u00bb50px\u00bb][\/vc_column][vc_column offset=\u00bbvc_col-lg-5 vc_col-md-12&#8243;][vc_single_image image=\u00bb5215&#8243; img_size=\u00bbfull\u00bb css_animation=\u00bbnone\u00bb el_class=\u00bbbg-img1&#8243;][\/vc_column][\/vc_row][vc_row full_width=\u00bbstretch_row\u00bb css=\u00bb.vc_custom_1713192102140{padding-bottom: 150px !important;background-color: #f4f6fd !important;}\u00bb el_class=\u00bbsc-custom\u00bb el_id=\u00bbmapa\u00bb][vc_column][\/vc_column][\/vc_row][vc_row css=\u00bb.vc_custom_1707405917795{margin-top: -300px !important;padding-bottom: 50px !important;}\u00bb el_class=\u00bbsc-custom-margin-150&#8243;][vc_column][vc_row_inner][vc_column_inner el_class=\u00bbcustom-map-location\u00bb][vc_raw_html]JTNDaWZyYW1lJTIwc3JjJTNEJTIyaHR0cHMlM0ElMkYlMkZ3d3cuZ29vZ2xlLmNvbSUyRm1hcHMlMkZlbWJlZCUzRnBiJTNEJTIxMW0xOCUyMTFtMTIlMjExbTMlMjExZDI5ODQuMzk0MTg2OTA2NjA2JTIxMmQyLjI2OTY1ODc3NjA2OTQ5MzMlMjEzZDQxLjU4MjM1NDM3MTI3NTc4JTIxMm0zJTIxMWYwJTIxMmYwJTIxM2YwJTIxM20yJTIxMWkxMDI0JTIxMmk3NjglMjE0ZjEzLjElMjEzbTMlMjExbTIlMjExczB4MTJhNGM3ODYzY2RiM2UwNSUyNTNBMHg0MGNlNTAzMDlhYTRmZmU0JTIxMnNBdi4lMjUyMGRlJTI1MjBTYW50JTI1MjBKdWxpJTI1QzMlMjVBMCUyNTJDJTI1MjAzJTI1MkMlMjUyMDA4NDAzJTI1MjBHcmFub2xsZXJzJTI1MkMlMjUyMEJhcmNlbG9uYSUyMTVlMCUyMTNtMiUyMTFzZXMlMjEyc2VzJTIxNHYxNzA0ODc4MjcxMzg3JTIxNW0yJTIxMXNlcyUyMTJzZXMlMjIlMjBoZWlnaHQlM0QlMjI0MDAlMjIlMjBzdHlsZSUzRCUyMmJvcmRlciUzQTAlM0J3aWR0aCUzQTEwMCUyNSUyMiUyMGFsbG93ZnVsbHNjcmVlbiUzRCUyMiUyMiUyMGxvYWRpbmclM0QlMjJsYXp5JTIyJTIwcmVmZXJyZXJwb2xpY3klM0QlMjJuby1yZWZlcnJlci13aGVuLWRvd25ncmFkZSUyMiUzRSUzQyUyRmlmcmFtZSUzRQ==[\/vc_raw_html][\/vc_column_inner][\/vc_row_inner][vc_empty_space height=\u00bb60px\u00bb][\/vc_column][\/vc_row][vc_row full_width=\u00bbstretch_row\u00bb css=\u00bb.vc_custom_1713192141924{padding-bottom: 60px !important;background-image: url(https:\/\/demo.zozothemes.com\/zoacres\/wp-content\/uploads\/2018\/05\/feature-bg-1.jpg?id=748) !important;background-position: center !important;background-repeat: no-repeat !important;background-size:<\/p>\n","protected":false},"author":1,"featured_media":0,"parent":0,"menu_order":0,"comment_status":"closed","ping_status":"closed","template":"","meta":{"footnotes":""},"class_list":["post-7586","page","type-page","status-publish","hentry"],"_links":{"self":[{"href":"https:\/\/merosagrup.com\/es\/wp-json\/wp\/v2\/pages\/7586","targetHints":{"allow":["GET"]}}],"collection":[{"href":"https:\/\/merosagrup.com\/es\/wp-json\/wp\/v2\/pages"}],"about":[{"href":"https:\/\/merosagrup.com\/es\/wp-json\/wp\/v2\/types\/page"}],"author":[{"embeddable":true,"href":"https:\/\/merosagrup.com\/es\/wp-json\/wp\/v2\/users\/1"}],"replies":[{"embeddable":true,"href":"https:\/\/merosagrup.com\/es\/wp-json\/wp\/v2\/comments?post=7586"}],"version-history":[{"count":0,"href":"https:\/\/merosagrup.com\/es\/wp-json\/wp\/v2\/pages\/7586\/revisions"}],"wp:attachment":[{"href":"https:\/\/merosagrup.com\/es\/wp-json\/wp\/v2\/media?parent=7586"}],"curies":[{"name":"wp","href":"https:\/\/api.w.org\/{rel}","templated":true}]}}