{"id":6835,"date":"2018-02-05T12:44:44","date_gmt":"2018-02-05T11:44:44","guid":{"rendered":"https:\/\/merosa.barnaproject.com\/empresa\/"},"modified":"2025-12-04T12:11:28","modified_gmt":"2025-12-04T11:11:28","slug":"empresa","status":"publish","type":"page","link":"https:\/\/merosagrup.com\/es\/empresa\/","title":{"rendered":"Empresa"},"content":{"rendered":"<section class=\"wpb-content-wrapper\"><p>[vc_row][vc_column el_class=\u00bbpr-md-5&#8243; offset=\u00bbvc_col-lg-7 vc_col-md-12&#8243;]<div class=\"section-title-wrapper text-left shortcode-rand-1 zoacres-inline-css\" data-css=\"&quot;.shortcode-rand-1 .title-separator.separator-border { background-color: ; }.shortcode-rand-1 .section-title { color: #000000; text-transform: none; }&quot;\"><div class=\"title-wrap\"><span class=\"sub-title\">QUIENES SOMOS<\/span><h2 class=\"section-title\">Merosa Grup <span class=\"title-suffix theme-color\">S.L.<\/span><\/h2><span class=\"title-separator separator-border theme-color-bg\"><\/span><\/div><!-- .title-wrap --><div class=\"section-description\"><\/p>\n<p class=\"p1\">Es una empresa con sede en Granollers, comarca del Valles Oriental (Provincia de Barcelona). Nacida en 2002 como resultado de la fusi\u00f3n de algunas sociedades de un mismo grupo vinculadas desde siempre a la actividad empresarial de la comarca.<\/p>\n<p class=\"p1\">A trav\u00e9s de las otras sociedades del grupo participa en varias \u00e1reas de negocio como la hosteler\u00eda con el Grupo Ciutat Hotels, restauraci\u00f3n con el Restaurante Pasarela del Centro Comercial La Roca Village y ocio y deportes con el club deportivo y fitness Crack Sports Club.<\/p>\n<p class=\"p1\">Su actividad principal se centra en el arrendamiento de locales comerciales, naves industriales y oficinas ubicadas en el edificio Tilma.<\/p>\n<p><\/div><!-- .section-description --><\/div><!-- .section-title-wrapper -->[vc_empty_space height=\u00bb50px\u00bb][\/vc_column][vc_column offset=\u00bbvc_col-lg-5 vc_col-md-12&#8243;][vc_single_image image=\u00bb5215&#8243; img_size=\u00bbfull\u00bb css_animation=\u00bbnone\u00bb el_class=\u00bbbg-img1&#8243;][\/vc_column][\/vc_row][vc_row disable_element=\u00bbyes\u00bb][vc_column el_class=\u00bbpr-md-5&#8243; offset=\u00bbvc_col-lg-7 vc_col-md-12&#8243;]<div class=\"section-title-wrapper text-left shortcode-rand-2 zoacres-inline-css\" data-css=\"&quot;.shortcode-rand-2 .title-separator.separator-border { background-color: ; }.shortcode-rand-2 .section-title { color: #000000; text-transform: none; }&quot;\"><div class=\"title-wrap\"><span class=\"sub-title\">QUI SOM<\/span><h2 class=\"section-title\">Merosa Grup <span class=\"title-suffix theme-color\">S.L.<\/span><\/h2><span class=\"title-separator separator-border theme-color-bg\"><\/span><\/div><!-- .title-wrap --><div class=\"section-description\">La seva activitat principal es centra en l\u2019arrendament de locals comercials, naus industrials, oficines i la promoci\u00f3, venda o lloguer de vivendes.<\/p>\n<p>El 2005 l\u2019empresa comen\u00e7a la seva expansi\u00f3 del negoci immobiliari fora de la zona de Barcelona, amb promocions a la Costa Brava (prov\u00edncia de Girona), adquisicions de terrenys urbanitzables a la prov\u00edncia d\u2019Alacant i la compra de locals comercials en les rodalies de Madrid.<\/p>\n<p>Avui dia Merosa Grup SL gestiona: a Granollers (prov\u00edncia de Barcelona) un edifici comercial i d\u2019oficines (Edifici Tilma), i varies vivendes de lloguer; una nau industrial a Les Franqueses del Vall\u00e8s (prov\u00edncia de Barcelona); amarradors i panyols en el Port Ol\u00edmpic de Barcelona (Barcelona ciutat); locals comercials i vivendes en lloguer i opci\u00f3 de compra a la ciutat d\u2019Alacant i rodalies (Comunitat Valenciana); i a la localitat de Navalcarnero (Prov\u00edncia de Madrid) un edifici comercial amb aparcament.<\/div><!-- .section-description --><\/div><!-- .section-title-wrapper -->[vc_empty_space height=\u00bb50px\u00bb][\/vc_column][vc_column offset=\u00bbvc_col-lg-5 vc_col-md-12&#8243;][\/vc_column][\/vc_row][vc_row full_width=\u00bbstretch_row\u00bb css=\u00bb.vc_custom_1545206589143{padding-bottom: 150px !important;background-color: #f4f6fd !important;}\u00bb el_class=\u00bbsc-custom\u00bb][vc_column]<div class=\"section-title-wrapper text-center shortcode-rand-3 zoacres-inline-css\" data-css=\"&quot;.shortcode-rand-3 .title-separator.separator-border { background-color: #d53c00; }.shortcode-rand-3 .section-title { color: #0a0a0a; text-transform: none; }&quot;\"><div class=\"title-wrap\"><span class=\"sub-title\">DONDE ESTAMOS<\/span><h2 class=\"section-title\">Mapa de <span class=\"title-suffix theme-color\">Localizaci\u00f3n<\/span><\/h2><span class=\"title-separator separator-border theme-color-bg\"><\/span><\/div><!-- .title-wrap --><div class=\"section-description\"><\/div><!-- .section-description --><\/div><!-- .section-title-wrapper -->[\/vc_column][\/vc_row][vc_row css=\u00bb.vc_custom_1545206995697{margin-top: -300px !important;padding-bottom: 50px !important;}\u00bb el_class=\u00bbsc-custom-margin-150&#8243;][vc_column][vc_row_inner][vc_column_inner el_class=\u00bbcustom-map-location\u00bb][vc_raw_html]JTNDaWZyYW1lJTIwc3JjJTNEJTIyaHR0cHMlM0ElMkYlMkZ3d3cuZ29vZ2xlLmNvbSUyRm1hcHMlMkZlbWJlZCUzRnBiJTNEJTIxMW0xOCUyMTFtMTIlMjExbTMlMjExZDI5ODQuMzk0MTg2OTA2NjA2JTIxMmQyLjI2OTY1ODc3NjA2OTQ5MzMlMjEzZDQxLjU4MjM1NDM3MTI3NTc4JTIxMm0zJTIxMWYwJTIxMmYwJTIxM2YwJTIxM20yJTIxMWkxMDI0JTIxMmk3NjglMjE0ZjEzLjElMjEzbTMlMjExbTIlMjExczB4MTJhNGM3ODYzY2RiM2UwNSUyNTNBMHg0MGNlNTAzMDlhYTRmZmU0JTIxMnNBdi4lMjUyMGRlJTI1MjBTYW50JTI1MjBKdWxpJTI1QzMlMjVBMCUyNTJDJTI1MjAzJTI1MkMlMjUyMDA4NDAzJTI1MjBHcmFub2xsZXJzJTI1MkMlMjUyMEJhcmNlbG9uYSUyMTVlMCUyMTNtMiUyMTFzZXMlMjEyc2VzJTIxNHYxNzA0ODc4MjcxMzg3JTIxNW0yJTIxMXNlcyUyMTJzZXMlMjIlMjBoZWlnaHQlM0QlMjI0MDAlMjIlMjBzdHlsZSUzRCUyMmJvcmRlciUzQTAlM0J3aWR0aCUzQTEwMCUyNSUyMiUyMGFsbG93ZnVsbHNjcmVlbiUzRCUyMiUyMiUyMGxvYWRpbmclM0QlMjJsYXp5JTIyJTIwcmVmZXJyZXJwb2xpY3klM0QlMjJuby1yZWZlcnJlci13aGVuLWRvd25ncmFkZSUyMiUzRSUzQyUyRmlmcmFtZSUzRQ==[\/vc_raw_html][\/vc_column_inner][\/vc_row_inner][vc_empty_space height=\u00bb60px\u00bb]<div class=\"btn-wrap d-flex justify-content-center\"><a href=\"https:\/\/merosagrup.com\/es\/edifici-tilma\/\" target=\"\" class=\"btn  zoacres-btn btn-default \" data-css=\"&quot;&quot;\"><span class=\"btn-icon btn-icon-left far fa-building\"><\/span>Edificio Tilma<\/a><\/div>[\/vc_column][\/vc_row][vc_row full_width=\u00bbstretch_row\u00bb parallax=\u00bbcontent-moving\u00bb parallax_image=\u00bb5306&#8243; row_overlay=\u00bbdark\u00bb][vc_column]<div class=\"section-title-wrapper text-center shortcode-rand-5 zoacres-inline-css\" data-css=\"&quot;.shortcode-rand-5 .title-separator.separator-border { background-color: #d53c00; }.shortcode-rand-5 .section-title { color: #ffffff; text-transform: none; }&quot;\"><div class=\"title-wrap\"><h3 class=\"section-title\">Otras \u00c1reas<\/h3><span class=\"title-separator separator-border theme-color-bg\"><\/span><\/div><!-- .title-wrap --><div class=\"section-description\"><\/div><!-- .section-description --><\/div><!-- .section-title-wrapper -->[vc_row_inner gap=\u00bb20&#8243;][vc_column_inner el_class=\u00bbbox-custom-shadow\u00bb width=\u00bb1\/3&#8243; css=\u00bb.vc_custom_1705312064745{background-color: #ffffff !important;}\u00bb][vc_single_image image=\u00bb5434&#8243; img_size=\u00bbfull\u00bb alignment=\u00bbcenter\u00bb onclick=\u00bbcustom_link\u00bb img_link_target=\u00bb_blank\u00bb link=\u00bbhttps:\/\/www.hotelciutatgranollers.com\/ca\/\u00bb][\/vc_column_inner][vc_column_inner el_class=\u00bbbox-custom-shadow\u00bb width=\u00bb1\/3&#8243; css=\u00bb.vc_custom_1704822705919{background-color: #ffffff !important;}\u00bb][vc_single_image image=\u00bb5223&#8243; img_size=\u00bbfull\u00bb alignment=\u00bbcenter\u00bb onclick=\u00bbcustom_link\u00bb img_link_target=\u00bb_blank\u00bb link=\u00bbhttps:\/\/cracksportsclub.com\/\u00bb][\/vc_column_inner][vc_column_inner el_class=\u00bbbox-custom-shadow\u00bb width=\u00bb1\/3&#8243; css=\u00bb.vc_custom_1704822846095{background-color: #ffffff !important;}\u00bb][vc_single_image image=\u00bb7838&#8243; img_size=\u00bbfull\u00bb alignment=\u00bbcenter\u00bb onclick=\u00bbcustom_link\u00bb img_link_target=\u00bb_blank\u00bb link=\u00bbhttps:\/\/www.centric.restaurant\/\u00bb][\/vc_column_inner][\/vc_row_inner][vc_empty_space height=\u00bb60px\u00bb]<div class=\"btn-wrap d-flex justify-content-center\"><a href=\"https:\/\/merosagrup.com\/es\/hosteleria\/\" target=\"\" class=\"btn  zoacres-btn btn-default \" data-css=\"&quot;&quot;\"><span class=\"btn-icon btn-icon-left fas fa-concierge-bell\"><\/span>Hosteleria<\/a><\/div>[\/vc_column][\/vc_row][vc_row full_width=\u00bbstretch_row\u00bb css=\u00bb.vc_custom_1549366427233{padding-bottom: 60px !important;background-image: url(https:\/\/demo.zozothemes.com\/zoacres\/wp-content\/uploads\/2018\/05\/feature-bg-1.jpg?id=748) !important;background-position: center !important;background-repeat: no-repeat !important;background-size: cover !important;}\u00bb][vc_column]<div class=\"section-title-wrapper text-center shortcode-rand-7 zoacres-inline-css\" data-css=\"&quot;.shortcode-rand-7 .title-separator.separator-border { background-color: ; }.shortcode-rand-7 .section-title { color: #000000; text-transform: none; }&quot;\"><div class=\"title-wrap\"><span class=\"sub-title\">\u00bfDUDAS?<\/span><h3 class=\"section-title\">Formulario de <span class=\"title-suffix theme-color\">Contacto<\/span><\/h3><span class=\"title-separator separator-border theme-color-bg\"><\/span><\/div><!-- .title-wrap --><div class=\"section-description\">Posa&#8217;t en contacte amb nosalters i et respondrem el m\u00e9s aviat possible<\/div><!-- .section-description --><\/div><!-- .section-title-wrapper -->[vc_row_inner][vc_column_inner width=\u00bb1\/4&#8243;][\/vc_column_inner][vc_column_inner el_class=\u00bbform-custom-c\u00bb width=\u00bb1\/2&#8243;]\n<div class=\"wpcf7 no-js\" id=\"wpcf7-f7580-o1\" lang=\"en-US\" dir=\"ltr\">\n<div class=\"screen-reader-response\"><p role=\"status\" aria-live=\"polite\" aria-atomic=\"true\"><\/p> <ul><\/ul><\/div>\n<form action=\"\/es\/wp-json\/wp\/v2\/pages\/6835#wpcf7-f7580-o1\" method=\"post\" class=\"wpcf7-form init\" aria-label=\"Contact form\" novalidate=\"novalidate\" data-status=\"init\">\n<div style=\"display: none;\">\n<input type=\"hidden\" name=\"_wpcf7\" value=\"7580\" \/>\n<input type=\"hidden\" name=\"_wpcf7_version\" value=\"5.8.5\" \/>\n<input type=\"hidden\" name=\"_wpcf7_locale\" value=\"en_US\" \/>\n<input type=\"hidden\" name=\"_wpcf7_unit_tag\" value=\"wpcf7-f7580-o1\" \/>\n<input type=\"hidden\" name=\"_wpcf7_container_post\" value=\"0\" \/>\n<input type=\"hidden\" name=\"_wpcf7_posted_data_hash\" value=\"\" \/>\n<input type=\"hidden\" name=\"_wpcf7_recaptcha_response\" value=\"\" \/>\n<\/div>\n<div class=\"row\">\n\t<div class=\"col-md-6\">\n\t\t<p><span class=\"wpcf7-form-control-wrap\" data-name=\"Nom\"><input size=\"40\" class=\"wpcf7-form-control wpcf7-text wpcf7-validates-as-required\" aria-required=\"true\" aria-invalid=\"false\" placeholder=\"Nombre\" value=\"\" type=\"text\" name=\"Nom\" \/><\/span>\n\t\t<\/p>\n\t<\/div>\n\t<div class=\"col-md-6\">\n\t\t<p><span class=\"wpcf7-form-control-wrap\" data-name=\"Cognoms\"><input size=\"40\" class=\"wpcf7-form-control wpcf7-text\" aria-invalid=\"false\" placeholder=\"Apellidos\" value=\"\" type=\"text\" name=\"Cognoms\" \/><\/span>\n\t\t<\/p>\n\t<\/div>\n<\/div>\n<div class=\"row\">\n\t<div class=\"col-md-6\">\n\t\t<p><span class=\"wpcf7-form-control-wrap\" data-name=\"your-email\"><input size=\"40\" class=\"wpcf7-form-control wpcf7-text wpcf7-validates-as-required\" aria-required=\"true\" aria-invalid=\"false\" placeholder=\"Email\" value=\"\" type=\"text\" name=\"your-email\" \/><\/span>\n\t\t<\/p>\n\t<\/div>\n\t<div class=\"col-md-6\">\n\t\t<p><span class=\"wpcf7-form-control-wrap\" data-name=\"Phone\"><input size=\"40\" class=\"wpcf7-form-control wpcf7-text wpcf7-validates-as-required\" aria-required=\"true\" aria-invalid=\"false\" placeholder=\"Tel\u00e9fono\" value=\"\" type=\"text\" name=\"Phone\" \/><\/span>\n\t\t<\/p>\n\t<\/div>\n<\/div>\n<div class=\"row\">\n\t<div class=\"col-md-12\">\n\t\t<p><span class=\"wpcf7-form-control-wrap\" data-name=\"opcions\"><select class=\"wpcf7-form-control wpcf7-select wpcf7-validates-as-required\" aria-required=\"true\" aria-invalid=\"false\" name=\"opcions\"><option value=\"\">Asunto<\/option><option value=\"Oficinas\">Oficinas<\/option><option value=\"Locales\">Locales<\/option><option value=\"P\u00e1rquings\">P\u00e1rquings<\/option><option value=\"Otros\">Otros<\/option><\/select><\/span>\n\t\t<\/p>\n\t<\/div>\n<\/div>\n<div class=\"row\">\n\t<div class=\"col-md-12\">\n\t\t<p><span class=\"wpcf7-form-control-wrap\" data-name=\"your-message\"><textarea cols=\"40\" rows=\"10\" class=\"wpcf7-form-control wpcf7-textarea\" aria-invalid=\"false\" placeholder=\"Mensaje\" name=\"your-message\"><\/textarea><\/span>\n\t\t<\/p>\n\t<\/div>\n<\/div>\n<p><input class=\"wpcf7-form-control wpcf7-submit has-spinner\" type=\"submit\" value=\"Enviar\" \/>\n<\/p><div class=\"wpcf7-response-output\" aria-hidden=\"true\"><\/div>\n<\/form>\n<\/div>\n[\/vc_column_inner][vc_column_inner width=\u00bb1\/4&#8243;][\/vc_column_inner][\/vc_row_inner][\/vc_column][\/vc_row]<\/p>\n<\/section>","protected":false},"excerpt":{"rendered":"<p>[vc_row][vc_column el_class=\u00bbpr-md-5&#8243; offset=\u00bbvc_col-lg-7 vc_col-md-12&#8243;][vc_empty_space height=\u00bb50px\u00bb][\/vc_column][vc_column offset=\u00bbvc_col-lg-5 vc_col-md-12&#8243;][vc_single_image image=\u00bb5215&#8243; img_size=\u00bbfull\u00bb css_animation=\u00bbnone\u00bb el_class=\u00bbbg-img1&#8243;][\/vc_column][\/vc_row][vc_row disable_element=\u00bbyes\u00bb][vc_column el_class=\u00bbpr-md-5&#8243; offset=\u00bbvc_col-lg-7 vc_col-md-12&#8243;][vc_empty_space height=\u00bb50px\u00bb][\/vc_column][vc_column offset=\u00bbvc_col-lg-5 vc_col-md-12&#8243;][\/vc_column][\/vc_row][vc_row full_width=\u00bbstretch_row\u00bb css=\u00bb.vc_custom_1545206589143{padding-bottom: 150px !important;background-color: #f4f6fd !important;}\u00bb el_class=\u00bbsc-custom\u00bb][vc_column][\/vc_column][\/vc_row][vc_row css=\u00bb.vc_custom_1545206995697{margin-top: -300px !important;padding-bottom: 50px !important;}\u00bb el_class=\u00bbsc-custom-margin-150&#8243;][vc_column][vc_row_inner][vc_column_inner el_class=\u00bbcustom-map-location\u00bb][vc_raw_html]JTNDaWZyYW1lJTIwc3JjJTNEJTIyaHR0cHMlM0ElMkYlMkZ3d3cuZ29vZ2xlLmNvbSUyRm1hcHMlMkZlbWJlZCUzRnBiJTNEJTIxMW0xOCUyMTFtMTIlMjExbTMlMjExZDI5ODQuMzk0MTg2OTA2NjA2JTIxMmQyLjI2OTY1ODc3NjA2OTQ5MzMlMjEzZDQxLjU4MjM1NDM3MTI3NTc4JTIxMm0zJTIxMWYwJTIxMmYwJTIxM2YwJTIxM20yJTIxMWkxMDI0JTIxMmk3NjglMjE0ZjEzLjElMjEzbTMlMjExbTIlMjExczB4MTJhNGM3ODYzY2RiM2UwNSUyNTNBMHg0MGNlNTAzMDlhYTRmZmU0JTIxMnNBdi4lMjUyMGRlJTI1MjBTYW50JTI1MjBKdWxpJTI1QzMlMjVBMCUyNTJDJTI1MjAzJTI1MkMlMjUyMDA4NDAzJTI1MjBHcmFub2xsZXJzJTI1MkMlMjUyMEJhcmNlbG9uYSUyMTVlMCUyMTNtMiUyMTFzZXMlMjEyc2VzJTIxNHYxNzA0ODc4MjcxMzg3JTIxNW0yJTIxMXNlcyUyMTJzZXMlMjIlMjBoZWlnaHQlM0QlMjI0MDAlMjIlMjBzdHlsZSUzRCUyMmJvcmRlciUzQTAlM0J3aWR0aCUzQTEwMCUyNSUyMiUyMGFsbG93ZnVsbHNjcmVlbiUzRCUyMiUyMiUyMGxvYWRpbmclM0QlMjJsYXp5JTIyJTIwcmVmZXJyZXJwb2xpY3klM0QlMjJuby1yZWZlcnJlci13aGVuLWRvd25ncmFkZSUyMiUzRSUzQyUyRmlmcmFtZSUzRQ==[\/vc_raw_html][\/vc_column_inner][\/vc_row_inner][vc_empty_space height=\u00bb60px\u00bb][\/vc_column][\/vc_row][vc_row full_width=\u00bbstretch_row\u00bb parallax=\u00bbcontent-moving\u00bb parallax_image=\u00bb5306&#8243; row_overlay=\u00bbdark\u00bb][vc_column][vc_row_inner gap=\u00bb20&#8243;][vc_column_inner el_class=\u00bbbox-custom-shadow\u00bb width=\u00bb1\/3&#8243; css=\u00bb.vc_custom_1705312064745{background-color: #ffffff !important;}\u00bb][vc_single_image image=\u00bb5434&#8243; img_size=\u00bbfull\u00bb alignment=\u00bbcenter\u00bb onclick=\u00bbcustom_link\u00bb img_link_target=\u00bb_blank\u00bb link=\u00bbhttps:\/\/www.hotelciutatgranollers.com\/ca\/\u00bb][\/vc_column_inner][vc_column_inner el_class=\u00bbbox-custom-shadow\u00bb width=\u00bb1\/3&#8243; css=\u00bb.vc_custom_1704822705919{background-color: #ffffff !important;}\u00bb][vc_single_image image=\u00bb5223&#8243;<\/p>\n","protected":false},"author":1,"featured_media":0,"parent":0,"menu_order":0,"comment_status":"closed","ping_status":"closed","template":"","meta":{"footnotes":""},"class_list":["post-6835","page","type-page","status-publish","hentry"],"_links":{"self":[{"href":"https:\/\/merosagrup.com\/es\/wp-json\/wp\/v2\/pages\/6835","targetHints":{"allow":["GET"]}}],"collection":[{"href":"https:\/\/merosagrup.com\/es\/wp-json\/wp\/v2\/pages"}],"about":[{"href":"https:\/\/merosagrup.com\/es\/wp-json\/wp\/v2\/types\/page"}],"author":[{"embeddable":true,"href":"https:\/\/merosagrup.com\/es\/wp-json\/wp\/v2\/users\/1"}],"replies":[{"embeddable":true,"href":"https:\/\/merosagrup.com\/es\/wp-json\/wp\/v2\/comments?post=6835"}],"version-history":[{"count":9,"href":"https:\/\/merosagrup.com\/es\/wp-json\/wp\/v2\/pages\/6835\/revisions"}],"predecessor-version":[{"id":7855,"href":"https:\/\/merosagrup.com\/es\/wp-json\/wp\/v2\/pages\/6835\/revisions\/7855"}],"wp:attachment":[{"href":"https:\/\/merosagrup.com\/es\/wp-json\/wp\/v2\/media?parent=6835"}],"curies":[{"name":"wp","href":"https:\/\/api.w.org\/{rel}","templated":true}]}}